{"id":1886,"date":"2014-06-26T11:48:18","date_gmt":"2014-06-26T14:48:18","guid":{"rendered":"https:\/\/alfagestion.com.ar\/faq\/?page_id=1886"},"modified":"2018-03-21T04:53:55","modified_gmt":"2018-03-21T07:53:55","slug":"1886-2","status":"publish","type":"page","link":"https:\/\/www.alfagestion.com.ar\/ag\/software\/1886-2\/","title":{"rendered":"Alfa Sueldos y Jornales"},"content":{"rendered":"<table style=\"height: 100%; width: 100%;\" width=\"653\" cellpadding=\"10\">\n<tbody>\n<tr>\n<td style=\"width: 70%;\" colspan=\"2\"><a href=\"https:\/\/i0.wp.com\/alfagestion.com.ar\/faq\/wp-content\/uploads\/2014\/06\/imgVendedoraAlfaSueldos.jpg?ssl=1\"><img fetchpriority=\"high\" decoding=\"async\" class=\"aligncenter wp-image-2128 size-full\" src=\"https:\/\/i0.wp.com\/alfagestion.com.ar\/faq\/wp-content\/uploads\/2014\/06\/imgVendedoraAlfaSueldos.jpg?resize=606%2C500&#038;ssl=1\" alt=\"\" width=\"606\" height=\"500\" data-recalc-dims=\"1\" \/><\/a><a href=\"https:\/\/i0.wp.com\/alfagestion.com.ar\/faq\/wp-content\/uploads\/2014\/06\/imgVendedoraAlfaGestion2.jpg?ssl=1\"><img decoding=\"async\" data-attachment-id=\"3184\" data-permalink=\"https:\/\/www.alfagestion.com.ar\/ag\/software\/1886-2\/featured-image2\/\" data-orig-file=\"https:\/\/i0.wp.com\/www.alfagestion.com.ar\/ag\/wp-content\/uploads\/2015\/05\/featured-image2.jpg?fit=1657%2C750&amp;ssl=1\" data-orig-size=\"1657,750\" data-comments-opened=\"1\" data-image-meta=\"{&quot;aperture&quot;:&quot;0&quot;,&quot;credit&quot;:&quot;&quot;,&quot;camera&quot;:&quot;&quot;,&quot;caption&quot;:&quot;&quot;,&quot;created_timestamp&quot;:&quot;0&quot;,&quot;copyright&quot;:&quot;&quot;,&quot;focal_length&quot;:&quot;0&quot;,&quot;iso&quot;:&quot;0&quot;,&quot;shutter_speed&quot;:&quot;0&quot;,&quot;title&quot;:&quot;&quot;,&quot;orientation&quot;:&quot;0&quot;}\" data-image-title=\"featured-image2\" data-image-description=\"\" data-image-caption=\"\" data-medium-file=\"https:\/\/i0.wp.com\/www.alfagestion.com.ar\/ag\/wp-content\/uploads\/2015\/05\/featured-image2.jpg?fit=300%2C136&amp;ssl=1\" data-large-file=\"https:\/\/i0.wp.com\/www.alfagestion.com.ar\/ag\/wp-content\/uploads\/2015\/05\/featured-image2.jpg?fit=1024%2C463&amp;ssl=1\" class=\"aligncenter size-full wp-image-3184\" src=\"https:\/\/i0.wp.com\/www.alfagestion.com.ar\/ag\/wp-content\/uploads\/2015\/05\/featured-image2.jpg?resize=1657%2C750\" alt=\"\" width=\"1657\" height=\"750\" data-id=\"3184\" srcset=\"https:\/\/i0.wp.com\/www.alfagestion.com.ar\/ag\/wp-content\/uploads\/2015\/05\/featured-image2.jpg?w=1657&amp;ssl=1 1657w, https:\/\/i0.wp.com\/www.alfagestion.com.ar\/ag\/wp-content\/uploads\/2015\/05\/featured-image2.jpg?resize=300%2C136&amp;ssl=1 300w, https:\/\/i0.wp.com\/www.alfagestion.com.ar\/ag\/wp-content\/uploads\/2015\/05\/featured-image2.jpg?resize=1024%2C463&amp;ssl=1 1024w, https:\/\/i0.wp.com\/www.alfagestion.com.ar\/ag\/wp-content\/uploads\/2015\/05\/featured-image2.jpg?resize=600%2C272&amp;ssl=1 600w, https:\/\/i0.wp.com\/www.alfagestion.com.ar\/ag\/wp-content\/uploads\/2015\/05\/featured-image2.jpg?resize=90%2C41&amp;ssl=1 90w, https:\/\/i0.wp.com\/www.alfagestion.com.ar\/ag\/wp-content\/uploads\/2015\/05\/featured-image2.jpg?resize=150%2C68&amp;ssl=1 150w\" sizes=\"(max-width: 1000px) 100vw, 1000px\" data-recalc-dims=\"1\" \/><br \/>\n<\/a><\/td>\n<td><div role=\"form\" class=\"wpcf7\" id=\"wpcf7-f4086-o1\" lang=\"es-ES\" dir=\"ltr\">\n<div class=\"screen-reader-response\"><p role=\"status\" aria-live=\"polite\" aria-atomic=\"true\"><\/p> <ul><\/ul><\/div>\n<form action=\"\/ag\/wp-json\/wp\/v2\/pages\/1886#wpcf7-f4086-o1\" method=\"post\" class=\"wpcf7-form init\" novalidate=\"novalidate\" data-status=\"init\">\n<div style=\"display: none;\">\n<input type=\"hidden\" name=\"_wpcf7\" value=\"4086\" \/>\n<input type=\"hidden\" name=\"_wpcf7_version\" value=\"5.5.5\" \/>\n<input type=\"hidden\" name=\"_wpcf7_locale\" value=\"es_ES\" \/>\n<input type=\"hidden\" name=\"_wpcf7_unit_tag\" value=\"wpcf7-f4086-o1\" \/>\n<input type=\"hidden\" name=\"_wpcf7_container_post\" value=\"0\" \/>\n<input type=\"hidden\" name=\"_wpcf7_posted_data_hash\" value=\"\" \/>\n<input type=\"hidden\" name=\"_wpcf7_recaptcha_response\" value=\"\" \/>\n<\/div>\n<p><strong>\u00bfAlguna Pregunta?<\/strong> <em>Nuestro equipo de expertos respondera con mucho gusto a todas sus  preguntas respecto a nuestros productos, licenciamiento, costos o formas de adquirirlo.<\/em><\/p>\n<p>Su nombre (requerido)<br \/>\n    <span class=\"wpcf7-form-control-wrap your-name\"><input type=\"text\" name=\"your-name\" value=\"\" size=\"40\" class=\"wpcf7-form-control wpcf7-text wpcf7-validates-as-required\" aria-required=\"true\" aria-invalid=\"false\" \/><\/span> <\/p>\n<p>Su e-mail (requerido)<br \/>\n    <span class=\"wpcf7-form-control-wrap your-email\"><input type=\"email\" name=\"your-email\" value=\"\" size=\"40\" class=\"wpcf7-form-control wpcf7-text wpcf7-email wpcf7-validates-as-required wpcf7-validates-as-email\" aria-required=\"true\" aria-invalid=\"false\" \/><\/span>  <\/p>\n<p>Su mensaje<br \/>\n    <span class=\"wpcf7-form-control-wrap your-message\"><textarea name=\"your-message\" cols=\"40\" rows=\"10\" class=\"wpcf7-form-control wpcf7-textarea\" aria-invalid=\"false\"><\/textarea><\/span> <\/p>\n\n<p><input type=\"submit\" value=\"Enviar su consulta\" class=\"wpcf7-form-control has-spinner wpcf7-submit\" \/><\/p>\n<p style=\"display: none !important;\"><label>&#916;<textarea name=\"_wpcf7_ak_hp_textarea\" cols=\"45\" rows=\"8\" maxlength=\"100\"><\/textarea><\/label><input type=\"hidden\" id=\"ak_js_1\" name=\"_wpcf7_ak_js\" value=\"163\"\/><script>document.getElementById( \"ak_js_1\" ).setAttribute( \"value\", ( new Date() ).getTime() );<\/script><\/p><div class=\"wpcf7-response-output\" aria-hidden=\"true\"><\/div><\/form><\/div><\/td>\n<\/tr>\n<\/tbody>\n<\/table>\n<p style=\"color: #575757;\">Sistema Multiempresa, totalmente configurable, se adapta f\u00e1cilmente a cambios legales, con liquidaciones quincenales, mensuales, control de legajos y familiares, control de contratos, Varios modelos de impresi\u00f3n de recibos, Exportaci\u00f3n de datos para DGI-SIJP, DGI-SICORE, ANSES-OS. Calculo de retenci\u00f3n de ganancias. Control de Horarios de Ingresos y Egresos del personal. Conceptos de liquidaci\u00f3n mediante formulas definidas por el usuario, etc&#8230;<\/p>\n<table class=\"style26\" style=\"color: #575757;\" border=\"0\" cellspacing=\"0\" cellpadding=\"0\">\n<tbody>\n<tr>\n<td class=\"style45\" colspan=\"2\">\n<h2><strong>Principales Caracter\u00edstica<\/strong><\/h2>\n<\/td>\n<\/tr>\n<tr>\n<td class=\"style26\" colspan=\"2\">\n<p align=\"justify\">Un tema engorroso resuelto con sencillez, practicidad y a la medida de sus necesidades, ya que el usuario puede establecer sus par\u00e1metros a voluntad y adaptarlo a todo tipo de convenio colectivo de trabajo y caracter\u00edsticas particulares de cada empresa. El sistema trabaja de acuerdo con los requerimientos de las leyes y reglamentaciones vigentes. Provee informaci\u00f3n con gran agilidad para dar base s\u00f3lida a la toma de decisiones.<\/p>\n<p align=\"justify\">Agil carga de novedades quincenales y mensuales.<br \/>\nAcceso por legajo y\/o por concepto.<br \/>\nC\u00e1lculo de aportes obligatorios y voluntarios al SIJP.<br \/>\nGeneraci\u00f3n de archivos importables por el programa DGI-SIJP.<br \/>\nListados para obras sociales, sindicatos, subsidios familiares y totales por<br \/>\ncentro de costos de una o varias liquidaciones consolidadas.<br \/>\nC\u00e1lculo y liquidaci\u00f3n del Impuesto a las Ganancias.<br \/>\nInforme detallado de los fondos destinados a cada AFJP.<br \/>\nConfecci\u00f3n libre de planillas -generador de reportes- por el usuario, para<br \/>\nfines estad\u00edsticos u otros.<br \/>\nMantenimiento de datos de liquidaciones anteriores para su uso en<br \/>\nestad\u00edsticas y en los c\u00e1lculos de liquidaciones de reajuste, aguinaldos,<br \/>\nvacaciones, d\u00edas feriados, por enfermedad, etc.<\/p>\n<ul>\n<li>\n<p class=\"style2\"><strong>Practicidad<\/strong><\/p>\n<p align=\"justify\">Posibilita con gran rapidez y simplicidad la liquidaci\u00f3n de haberes correspondientes a jornalizados, mensualizados, vacaciones, aguinaldos, gratificaciones, etc. Conexi\u00f3n con el programa DGI-SIJP.<\/p>\n<\/li>\n<li><strong>Flexibilidad<\/strong>\n<p align=\"justify\">El usuario define libremente los conceptos de liquidaci\u00f3n y aportes patronales adecuados a las caracter\u00edsticas particulares de su empresa, indicando para cada uno la forma en que se desea que sean calculados los importes correspondientes. Provisto con un esquema est\u00e1ndar de aplicaci\u00f3n de aportes patronales y conceptos habituales, adaptable a las necesidades de cada empresa, para que el usuario pueda utilizarlos sin necesidad de definirlos espec\u00edficamente.<\/p>\n<\/li>\n<li><strong>Versatilidad<\/strong>\n<p align=\"justify\">Permite conservar archivos de legajos, secciones, categor\u00edas, cargos, acumulaciones y conceptos, as\u00ed como datos de liquidaciones anteriores para su tratamiento estad\u00edstico.<\/p>\n<p align=\"justify\">Adem\u00e1s de crear sus propios listados y consultas a partir de la informaci\u00f3n contenida en el sistema, tambi\u00e9n podr\u00e1 transferir esa informaci\u00f3n a utilitarios como hojas de c\u00e1lculo, bases de datos, procesadores de textos y programas propios.<\/p>\n<\/li>\n<li><span class=\"style47\">Seguridad<\/span>El usuario puede establecer claves propias para proteger el acceso a informaci\u00f3n<\/li>\n<\/ul>\n<p>&nbsp;<\/td>\n<\/tr>\n<tr>\n<td class=\"style26\"><span lang=\"es\"><a style=\"color: #0090d4;\" href=\" https:\/\/youtu.be\/5aiPILWRkWk\"><img decoding=\"async\" class=\"style7 alignnone\" src=\"https:\/\/i0.wp.com\/www.alfagestion.com.ar\/ImagesGran\/imgB1.jpg?resize=97%2C72\" alt=\"Ver Video\" width=\"97\" height=\"72\" border=\"0\" data-recalc-dims=\"1\" \/><\/a><\/span><\/td>\n<td class=\"style26\">Desde aqu\u00ed podr\u00e1 ver las principales caracter\u00edsticas del Sistema de Sueldos y Jorn\u00e1les.<\/td>\n<\/tr>\n<tr>\n<td class=\"style32\" colspan=\"2\"><\/td>\n<\/tr>\n<tr>\n<td class=\"style32\" colspan=\"2\">\n<table>\n<tbody>\n<tr>\n<td style=\"width: 1327px;\">\n<table>\n<tbody>\n<tr>\n<td>\n<table>\n<tbody>\n<tr>\n<td class=\"style26\"><\/td>\n<td><strong>Haga clic en el icono de descarga para comenzar la descarga e instalaci\u00f3n.<br \/>\n<\/strong><\/p>\n<table>\n<tbody>\n<tr>\n<td class=\"style2\">\u00a0<a style=\"color: #0090d4;\" href=\"http:\/\/www.alfagestion.com.ar\/nwserver\/downloadfree\/Alfa%20Sueldos%20y%20Jornales.pdf\"><strong>\u00a0<\/strong><strong>Descargar el Manual y Gu\u00eda de Instalaci\u00f3n (Formato PDF)<\/strong><\/a><\/td>\n<td class=\"style2\"><a style=\"color: #0090d4;\" href=\"http:\/\/www.alfagestion.com.ar\/nwserver\/downloadfree\/Alfa%20Sueldos%20y%20Jornales.pdf\"><img loading=\"lazy\" decoding=\"async\" src=\"https:\/\/i0.wp.com\/www.alfagestion.com.ar\/ImagesGran\/img41.jpg?resize=30%2C30\" alt=\"\" width=\"30\" height=\"30\" border=\"0\" data-recalc-dims=\"1\" \/><\/a><\/td>\n<\/tr>\n<tr>\n<td class=\"style2\"><a style=\"color: #0090d4;\" href=\"http:\/\/www.alfagestion.com.ar\/nwserver\/downloadfree\/Alfa%20Sueldos%20y%20Jornales.zip\"><strong>Descargar el Manual y Gu\u00eda de Instalaci\u00f3n (Formato Comprimido)<\/strong><\/a><\/td>\n<td class=\"style2\"><img decoding=\"async\" src=\"https:\/\/i0.wp.com\/www.alfagestion.com.ar\/ImagesGran\/img3.gif\" alt=\"\" border=\"0\" data-recalc-dims=\"1\" \/><\/td>\n<\/tr>\n<\/tbody>\n<\/table>\n<\/td>\n<\/tr>\n<tr>\n<td class=\"style26\" colspan=\"2\"><strong><br \/>\n<div role=\"form\" class=\"wpcf7\" id=\"wpcf7-f4086-o2\" lang=\"es-ES\" dir=\"ltr\">\n<div class=\"screen-reader-response\"><p role=\"status\" aria-live=\"polite\" aria-atomic=\"true\"><\/p> <ul><\/ul><\/div>\n<form action=\"\/ag\/wp-json\/wp\/v2\/pages\/1886#wpcf7-f4086-o2\" method=\"post\" class=\"wpcf7-form init\" novalidate=\"novalidate\" data-status=\"init\">\n<div style=\"display: none;\">\n<input type=\"hidden\" name=\"_wpcf7\" value=\"4086\" \/>\n<input type=\"hidden\" name=\"_wpcf7_version\" value=\"5.5.5\" \/>\n<input type=\"hidden\" name=\"_wpcf7_locale\" value=\"es_ES\" \/>\n<input type=\"hidden\" name=\"_wpcf7_unit_tag\" value=\"wpcf7-f4086-o2\" \/>\n<input type=\"hidden\" name=\"_wpcf7_container_post\" value=\"0\" \/>\n<input type=\"hidden\" name=\"_wpcf7_posted_data_hash\" value=\"\" \/>\n<input type=\"hidden\" name=\"_wpcf7_recaptcha_response\" value=\"\" \/>\n<\/div>\n<p><strong>\u00bfAlguna Pregunta?<\/strong> <em>Nuestro equipo de expertos respondera con mucho gusto a todas sus  preguntas respecto a nuestros productos, licenciamiento, costos o formas de adquirirlo.<\/em><\/p>\n<p>Su nombre (requerido)<br \/>\n    <span class=\"wpcf7-form-control-wrap your-name\"><input type=\"text\" name=\"your-name\" value=\"\" size=\"40\" class=\"wpcf7-form-control wpcf7-text wpcf7-validates-as-required\" aria-required=\"true\" aria-invalid=\"false\" \/><\/span> <\/p>\n<p>Su e-mail (requerido)<br \/>\n    <span class=\"wpcf7-form-control-wrap your-email\"><input type=\"email\" name=\"your-email\" value=\"\" size=\"40\" class=\"wpcf7-form-control wpcf7-text wpcf7-email wpcf7-validates-as-required wpcf7-validates-as-email\" aria-required=\"true\" aria-invalid=\"false\" \/><\/span>  <\/p>\n<p>Su mensaje<br \/>\n    <span class=\"wpcf7-form-control-wrap your-message\"><textarea name=\"your-message\" cols=\"40\" rows=\"10\" class=\"wpcf7-form-control wpcf7-textarea\" aria-invalid=\"false\"><\/textarea><\/span> <\/p>\n\n<p><input type=\"submit\" value=\"Enviar su consulta\" class=\"wpcf7-form-control has-spinner wpcf7-submit\" \/><\/p>\n<p style=\"display: none !important;\"><label>&#916;<textarea name=\"_wpcf7_ak_hp_textarea\" cols=\"45\" rows=\"8\" maxlength=\"100\"><\/textarea><\/label><input type=\"hidden\" id=\"ak_js_2\" name=\"_wpcf7_ak_js\" value=\"167\"\/><script>document.getElementById( \"ak_js_2\" ).setAttribute( \"value\", ( new Date() ).getTime() );<\/script><\/p><div class=\"wpcf7-response-output\" aria-hidden=\"true\"><\/div><\/form><\/div>\n<\/strong><\/td>\n<\/tr>\n<\/tbody>\n<\/table>\n<\/td>\n<\/tr>\n<\/tbody>\n<\/table>\n<\/td>\n<\/tr>\n<\/tbody>\n<\/table>\n<\/td>\n<\/tr>\n<\/tbody>\n<\/table>\n<p><span class=\"style54\">No olvide consultar los\u00a0<a style=\"color: #0090d4;\" href=\"http:\/\/www.alfagestion.com.ar\/ag\/software\/mas-datos\/terminos-y-condiciones\/\"><strong>t\u00e9rminos y condiciones<\/strong><\/a>\u00a0de uso antes de realizar la compra.<\/span><\/p>\n<div class=\"sharedaddy sd-sharing-enabled\"><div class=\"robots-nocontent sd-block sd-social sd-social-icon-text sd-sharing\"><h3 class=\"sd-title\">Compartir:<\/h3><div class=\"sd-content\"><ul><li class=\"share-email\"><a rel=\"nofollow noopener noreferrer\" data-shared=\"\" class=\"share-email sd-button share-icon\" href=\"https:\/\/www.alfagestion.com.ar\/ag\/software\/1886-2\/?share=email\" target=\"_blank\" title=\"Haz clic para enviar por correo electr\u00f3nico a un amigo\"><span>Correo electr\u00f3nico<\/span><\/a><\/li><li class=\"share-print\"><a rel=\"nofollow noopener noreferrer\" data-shared=\"\" class=\"share-print sd-button share-icon\" href=\"https:\/\/www.alfagestion.com.ar\/ag\/software\/1886-2\/\" target=\"_blank\" title=\"Haz clic para imprimir\"><span>Imprimir<\/span><\/a><\/li><li class=\"share-end\"><\/li><\/ul><\/div><\/div><\/div>","protected":false},"excerpt":{"rendered":"<p>Sistema Multiempresa, totalmente configurable, se adapta f\u00e1cilmente a cambios legales, con liquidaciones quincenales, mensuales, control de legajos y familiares, control de contratos, Varios modelos de impresi\u00f3n de recibos, Exportaci\u00f3n de datos para DGI-SIJP, DGI-SICORE, ANSES-OS. Calculo de retenci\u00f3n de ganancias. &hellip; <a class=\"kt-excerpt-readmore\" href=\"https:\/\/www.alfagestion.com.ar\/ag\/software\/1886-2\/\" aria-label=\"Alfa Sueldos y Jornales\">Leer m&aacute;s<\/a><\/p>\n<div class=\"sharedaddy sd-sharing-enabled\"><div class=\"robots-nocontent sd-block sd-social sd-social-icon-text sd-sharing\"><h3 class=\"sd-title\">Compartir:<\/h3><div class=\"sd-content\"><ul><li class=\"share-email\"><a rel=\"nofollow noopener noreferrer\" data-shared=\"\" class=\"share-email sd-button share-icon\" href=\"https:\/\/www.alfagestion.com.ar\/ag\/software\/1886-2\/?share=email\" target=\"_blank\" title=\"Haz clic para enviar por correo electr\u00f3nico a un amigo\"><span>Correo electr\u00f3nico<\/span><\/a><\/li><li class=\"share-print\"><a rel=\"nofollow noopener noreferrer\" data-shared=\"\" class=\"share-print sd-button share-icon\" href=\"https:\/\/www.alfagestion.com.ar\/ag\/software\/1886-2\/\" target=\"_blank\" title=\"Haz clic para imprimir\"><span>Imprimir<\/span><\/a><\/li><li class=\"share-end\"><\/li><\/ul><\/div><\/div><\/div>","protected":false},"author":5,"featured_media":3995,"parent":1880,"menu_order":0,"comment_status":"closed","ping_status":"closed","template":"page-fullwidth.php","meta":{"advanced_seo_description":"","spay_email":"","footnotes":""},"class_list":["post-1886","page","type-page","status-publish","has-post-thumbnail","hentry"],"jetpack_sharing_enabled":true,"jetpack_shortlink":"https:\/\/wp.me\/P9eJDz-uq","jetpack_likes_enabled":true,"jetpack-related-posts":[{"id":10754,"url":"https:\/\/www.alfagestion.com.ar\/ag\/","url_meta":{"origin":1886,"position":0},"title":"Home","date":"12 diciembre 2025","format":false,"excerpt":"El control que tu empresa necesitaCentraliz\u00e1 la informaci\u00f3n y tom\u00e1 mejores decisiones todos los d\u00edas.Medir, analizar y mejorar: el camino de una buena gesti\u00f3n.Alfa Gesti\u00f3n \u2014 Soluciones para una administraci\u00f3n profesional. Previous slide Next slide Proceso de implementaci\u00f3n Mucho m\u00e1s que software. Una soluci\u00f3n para tu empresa. Acompa\u00f1amos a nuestros\u2026","rel":"","context":"Entrada similar","img":{"alt_text":"","src":"https:\/\/i0.wp.com\/www.alfagestion.com.ar\/ag\/wp-content\/uploads\/2025\/12\/logo-alfanet-01-1.png?fit=863%2C319&ssl=1&resize=350%2C200","width":350,"height":200},"classes":[]},{"id":4106,"url":"https:\/\/www.alfagestion.com.ar\/ag\/software\/dmayorista\/","url_meta":{"origin":1886,"position":1},"title":"Alfa Distribuidoras Mayoristas","date":"2 junio 2016","format":false,"excerpt":"\u00a0 \u00a0 \u00bf No esta conforme con su actual sistema ? Nosotros nos encargamos de pasar la informaci\u00f3n a nuestro sistema. \u00bfPierde mucho tiempo cargando las cobranza del reparto? Tenemos un sistema que en pocos minutos carga cientos de cobranza simult\u00e1neamente. \u00bfPierde mucho tiempo facturando? Con Alfa eXpress, los vendedores\u2026","rel":"","context":"Entrada similar","img":{"alt_text":"","src":"https:\/\/i0.wp.com\/www.alfagestion.com.ar\/ag\/wp-content\/uploads\/2016\/06\/Sin-t\u00edtulo-2-1.jpg?fit=1116%2C744&ssl=1&resize=350%2C200","width":350,"height":200},"classes":[]},{"id":4291,"url":"https:\/\/www.alfagestion.com.ar\/ag\/software\/alfa-gestion-restaurante\/","url_meta":{"origin":1886,"position":2},"title":"Alfa Gestion Restaurant","date":"4 agosto 2016","format":false,"excerpt":"CONTENIDO ALFA Gesti\u00f3n Restaurante. En un \u00fanico m\u00f3dulo concentra toda la administraci\u00f3n del sal\u00f3n, llevando el control de cada una de las mesas (abiertas, cerradas y reservadas), \u00a0el control de la caja y mucho mas. M\u00f3dulo Descripci\u00f3n Este modulo es com\u00fan a todos los otros m\u00f3dulos instalados,\u00a0en el se dan\u2026","rel":"","context":"Entrada similar","img":{"alt_text":"","src":"https:\/\/i0.wp.com\/www.alfagestion.com.ar\/ag\/wp-content\/uploads\/2016\/08\/albert04-2.jpg?fit=1200%2C1200&ssl=1&resize=350%2C200","width":350,"height":200},"classes":[]},{"id":11089,"url":"https:\/\/www.alfagestion.com.ar\/ag\/carga-facturas-ia\/","url_meta":{"origin":1886,"position":3},"title":"Factura de Compra con IA","date":"7 enero 2026","format":false,"excerpt":"\u00a1Carg\u00e1 facturas de compra en minutos con Inteligencia Artificial!","rel":"","context":"Entrada similar","img":{"alt_text":"","src":"https:\/\/i0.wp.com\/www.alfagestion.com.ar\/ag\/wp-content\/uploads\/2026\/01\/Screenshot_18.png?fit=1200%2C613&ssl=1&resize=350%2C200","width":350,"height":200},"classes":[]},{"id":1893,"url":"https:\/\/www.alfagestion.com.ar\/ag\/software\/alfa-transporte-y-logistica\/","url_meta":{"origin":1886,"position":4},"title":"Alfa Transporte y Log\u00edstica","date":"26 junio 2014","format":false,"excerpt":"Alfa Transportes, Log\u00edstica, Distribuci\u00f3n y Stock Un sistema con mas de 10 a\u00f1os de experiencia, que cubre todo el circuito del reparto, desde la recepcion del comprobante hasta el conforme o rendici\u00f3n al cliente. Caracter\u00edsticas destacadas: Permite el intercambio de informaci\u00f3n con sus Clientes, a trav\u00e9s de Internet o cualquier\u2026","rel":"","context":"Entrada similar","img":{"alt_text":"","src":"https:\/\/i0.wp.com\/www.alfagestion.com.ar\/ag\/wp-content\/uploads\/2014\/06\/Alfa-transporte.png?fit=940%2C788&ssl=1&resize=350%2C200","width":350,"height":200},"classes":[]},{"id":10001,"url":"https:\/\/www.alfagestion.com.ar\/ag\/software\/gestion-kiosco\/","url_meta":{"origin":1886,"position":5},"title":"Gestion Kiosco","date":"13 abril 2024","format":false,"excerpt":"Alfa kioscos Probar Alfa Kioscos es un software pr\u00e1ctico, r\u00e1pido e intuitivo. De f\u00e1cil instalaci\u00f3n y utilizaci\u00f3n.Con una interfase totalmente amigable podr\u00e1s controlar y llevar adelante tu negocio, evitando p\u00e9rdidas y errores humanos. \u00bfQu\u00e9 pod\u00e9s hacer con nuestro sistema? Maestros Desde aqu\u00ed se controlar\u00e1n los art\u00edculos, clientes y proveedores. Podr\u00e1s\u2026","rel":"","context":"Entrada similar","img":{"alt_text":"","src":"https:\/\/i0.wp.com\/www.alfagestion.com.ar\/ag\/wp-content\/uploads\/2024\/04\/cajero-paga-tarjeta-traves-terminal-cajero-paga-tarjeta-traves-terminal_1157-42228.jpg?resize=350%2C200&ssl=1","width":350,"height":200},"classes":[]}],"_links":{"self":[{"href":"https:\/\/www.alfagestion.com.ar\/ag\/wp-json\/wp\/v2\/pages\/1886","targetHints":{"allow":["GET"]}}],"collection":[{"href":"https:\/\/www.alfagestion.com.ar\/ag\/wp-json\/wp\/v2\/pages"}],"about":[{"href":"https:\/\/www.alfagestion.com.ar\/ag\/wp-json\/wp\/v2\/types\/page"}],"author":[{"embeddable":true,"href":"https:\/\/www.alfagestion.com.ar\/ag\/wp-json\/wp\/v2\/users\/5"}],"replies":[{"embeddable":true,"href":"https:\/\/www.alfagestion.com.ar\/ag\/wp-json\/wp\/v2\/comments?post=1886"}],"version-history":[{"count":14,"href":"https:\/\/www.alfagestion.com.ar\/ag\/wp-json\/wp\/v2\/pages\/1886\/revisions"}],"predecessor-version":[{"id":5650,"href":"https:\/\/www.alfagestion.com.ar\/ag\/wp-json\/wp\/v2\/pages\/1886\/revisions\/5650"}],"up":[{"embeddable":true,"href":"https:\/\/www.alfagestion.com.ar\/ag\/wp-json\/wp\/v2\/pages\/1880"}],"wp:featuredmedia":[{"embeddable":true,"href":"https:\/\/www.alfagestion.com.ar\/ag\/wp-json\/wp\/v2\/media\/3995"}],"wp:attachment":[{"href":"https:\/\/www.alfagestion.com.ar\/ag\/wp-json\/wp\/v2\/media?parent=1886"}],"curies":[{"name":"wp","href":"https:\/\/api.w.org\/{rel}","templated":true}]}}