{"id":2327,"date":"2014-07-18T16:23:28","date_gmt":"2014-07-18T19:23:28","guid":{"rendered":"https:\/\/alfagestion.com.ar\/faq\/mi-cuenta\/"},"modified":"2016-02-01T12:49:14","modified_gmt":"2016-02-01T15:49:14","slug":"mi-cuenta","status":"publish","type":"page","link":"https:\/\/www.alfagestion.com.ar\/ag\/mi-cuenta\/","title":{"rendered":"Mi cuenta"},"content":{"rendered":"<div class=\"woocommerce\"><\/div>\n","protected":false},"excerpt":{"rendered":"","protected":false},"author":1,"featured_media":0,"parent":0,"menu_order":0,"comment_status":"closed","ping_status":"open","template":"","meta":{"advanced_seo_description":"","spay_email":"","footnotes":""},"class_list":["post-2327","page","type-page","status-publish","hentry"],"jetpack_sharing_enabled":false,"jetpack_shortlink":"https:\/\/wp.me\/P9eJDz-Bx","jetpack_likes_enabled":true,"jetpack-related-posts":[{"id":1908,"url":"https:\/\/www.alfagestion.com.ar\/ag\/software\/sysmobile\/","url_meta":{"origin":2327,"position":0},"title":"SysMobile","date":"26 junio 2014","format":false,"excerpt":"DESARROLLOS MOVILES PARA ANDROID \u00bfQu\u00e9 es SysMobile? SysMobile es un sistema de gesti\u00f3n de pedidos y consulta de saldos de clientes, desarrollado para dispositivos m\u00f3viles (SmartPhones, Tablets) con\u00a0sistema operativo ANDROID \u00bfC\u00f3mo funciona? Funciona sincronizando informaci\u00f3n entre un sistema de gesti\u00f3n y un dispositivo m\u00f3vil, a trav\u00e9s de un WEBSERVICE, la\u2026","rel":"","context":"Entrada similar","img":{"alt_text":"","src":"https:\/\/i0.wp.com\/www.alfagestion.com.ar\/ag\/wp-content\/uploads\/2014\/06\/061214_1217_SysMobileDe1.png?fit=499%2C227&ssl=1&resize=350%2C200","width":350,"height":200},"classes":[]},{"id":4444,"url":"https:\/\/www.alfagestion.com.ar\/ag\/diseno-web-construccion\/","url_meta":{"origin":2327,"position":1},"title":"DISE\u00d1O WEB (CONSTRUCCI\u00d3N)","date":"17 noviembre 2016","format":false,"excerpt":"\u00bfPorqu\u00e9 tener un sitio web? Conseguir un sitio web que est\u00e9 preparado exactamente como lo necesitas, \u00a0lo ayuda a bajar\u00a0costos y aumentar ganancias. Eso es lo que tenemos para usted,\u00a0con nuestro servicio de \u201cDise\u00f1o Web\u201d. Elige entre los 4 tipos de sitios que las grandes empresas ocupan: Informativo. Sitios que\u2026","rel":"","context":"Entrada similar","img":{"alt_text":"","src":"","width":0,"height":0},"classes":[]},{"id":4515,"url":"https:\/\/www.alfagestion.com.ar\/ag\/diseno-web-construccion-2\/","url_meta":{"origin":2327,"position":2},"title":"DISE\u00d1O WEB CONSTRUCCION","date":"18 noviembre 2016","format":false,"excerpt":"\u00a0 \u00a0 \u00a0 \u00a0 \u00a0 \u00a0 \u00a0 \u00a0 \u00a0 \u00a0 \u00a0 \u00a0 \u00a0 \u00a0 \u00bfPorqu\u00e9 tener un sitio web? Conseguir un sitio web que est\u00e9 preparado exactamente como lo necesitas, \u00a0lo ayuda a bajar\u00a0costos y aumentar ganancias. Eso es lo que tenemos para usted,\u00a0con nuestro servicio de \u201cDise\u00f1o Web\u201d. Elige\u2026","rel":"","context":"Entrada similar","img":{"alt_text":"","src":"","width":0,"height":0},"classes":[]},{"id":10001,"url":"https:\/\/www.alfagestion.com.ar\/ag\/software\/gestion-kiosco\/","url_meta":{"origin":2327,"position":3},"title":"Gestion Kiosco","date":"13 abril 2024","format":false,"excerpt":"Alfa kioscos Probar Alfa Kioscos es un software pr\u00e1ctico, r\u00e1pido e intuitivo. De f\u00e1cil instalaci\u00f3n y utilizaci\u00f3n.Con una interfase totalmente amigable podr\u00e1s controlar y llevar adelante tu negocio, evitando p\u00e9rdidas y errores humanos. \u00bfQu\u00e9 pod\u00e9s hacer con nuestro sistema? Maestros Desde aqu\u00ed se controlar\u00e1n los art\u00edculos, clientes y proveedores. Podr\u00e1s\u2026","rel":"","context":"Entrada similar","img":{"alt_text":"","src":"https:\/\/i0.wp.com\/www.alfagestion.com.ar\/ag\/wp-content\/uploads\/2024\/04\/cajero-paga-tarjeta-traves-terminal-cajero-paga-tarjeta-traves-terminal_1157-42228.jpg?resize=350%2C200&ssl=1","width":350,"height":200},"classes":[]},{"id":10209,"url":"https:\/\/www.alfagestion.com.ar\/ag\/software\/alfamobile\/","url_meta":{"origin":2327,"position":4},"title":"AlfaGo","date":"14 abril 2024","format":false,"excerpt":"AlfaGo Probar Descubre AlfaGo, la soluci\u00f3n perfecta para gestionar tus pedidos y consultar los saldos de clientes desde cualquier lugar con tu dispositivo m\u00f3vil. Desarrollado para brindar una experiencia \u00fanica, AlfaGo sincroniza de manera eficiente la informaci\u00f3n entre tu sistema Alfa Gesti\u00f3n y tu dispositivo m\u00f3vil, garantizando una gesti\u00f3n fluida\u2026","rel":"","context":"Entrada similar","img":{"alt_text":"","src":"https:\/\/i0.wp.com\/img.youtube.com\/vi\/Qw3HNbdJwaY\/0.jpg?resize=350%2C200","width":350,"height":200},"classes":[]},{"id":2131,"url":"https:\/\/www.alfagestion.com.ar\/ag\/software\/mas-datos\/terminos-y-condiciones\/","url_meta":{"origin":2327,"position":5},"title":"T\u00e9rminos y Condiciones","date":"10 julio 2014","format":false,"excerpt":"Es importante\u00a0que lea usted detenidamente\u00a0estas condiciones ya que la sola tenencia de nuestro\u00a0software implica la\u00a0aceptaci\u00f3n total de las mismas \u00a0El presente software\u00a0\u00a0se considera\u00a0Propiedad intelectual de ALFA NET Plus,\u00a0\u00a0se entrega en calidad de licencias de uso, esta prohibida su copia, reproducci\u00f3n parcial o total. Cuando usted decida hacer cambios\u00a0deber\u00e1 solicitar un\u2026","rel":"","context":"Entrada similar","img":{"alt_text":"","src":"","width":0,"height":0},"classes":[]}],"_links":{"self":[{"href":"https:\/\/www.alfagestion.com.ar\/ag\/wp-json\/wp\/v2\/pages\/2327","targetHints":{"allow":["GET"]}}],"collection":[{"href":"https:\/\/www.alfagestion.com.ar\/ag\/wp-json\/wp\/v2\/pages"}],"about":[{"href":"https:\/\/www.alfagestion.com.ar\/ag\/wp-json\/wp\/v2\/types\/page"}],"author":[{"embeddable":true,"href":"https:\/\/www.alfagestion.com.ar\/ag\/wp-json\/wp\/v2\/users\/1"}],"replies":[{"embeddable":true,"href":"https:\/\/www.alfagestion.com.ar\/ag\/wp-json\/wp\/v2\/comments?post=2327"}],"version-history":[{"count":1,"href":"https:\/\/www.alfagestion.com.ar\/ag\/wp-json\/wp\/v2\/pages\/2327\/revisions"}],"predecessor-version":[{"id":2333,"href":"https:\/\/www.alfagestion.com.ar\/ag\/wp-json\/wp\/v2\/pages\/2327\/revisions\/2333"}],"wp:attachment":[{"href":"https:\/\/www.alfagestion.com.ar\/ag\/wp-json\/wp\/v2\/media?parent=2327"}],"curies":[{"name":"wp","href":"https:\/\/api.w.org\/{rel}","templated":true}]}}